{"id":634,"date":"2026-04-03T08:20:22","date_gmt":"2026-04-03T08:20:22","guid":{"rendered":"https:\/\/altivue-drone.fr\/?page_id=634"},"modified":"2026-04-13T07:33:08","modified_gmt":"2026-04-13T07:33:08","slug":"contact","status":"publish","type":"page","link":"https:\/\/altivue-drone.fr\/?page_id=634","title":{"rendered":"Contact"},"content":{"rendered":"\t\t<div data-elementor-type=\"wp-page\" data-elementor-id=\"634\" class=\"elementor elementor-634\">\n\t\t\t\t<div class=\"elementor-element elementor-element-1f8abf7 e-flex e-con-boxed e-con e-parent\" data-id=\"1f8abf7\" data-element_type=\"container\" data-e-type=\"container\">\n\t\t\t\t\t<div class=\"e-con-inner\">\n\t\t\t\t<div class=\"elementor-element elementor-element-fefbf56 elementor-widget elementor-widget-heading\" data-id=\"fefbf56\" data-element_type=\"widget\" data-e-type=\"widget\" data-widget_type=\"heading.default\">\n\t\t\t\t\t<h1 class=\"elementor-heading-title elementor-size-default\"> Contacter Altivue pour une inspection ou un devis personnalis\u00e9\nIntroduction\n<\/h1>\t\t\t\t<\/div>\n\t\t\t\t\t<\/div>\n\t\t\t\t<\/div>\n\t\t<div class=\"elementor-element elementor-element-37b0585 e-flex e-con-boxed e-con e-parent\" data-id=\"37b0585\" data-element_type=\"container\" data-e-type=\"container\">\n\t\t\t\t\t<div class=\"e-con-inner\">\n\t\t\t\t<div class=\"elementor-element elementor-element-9a57fe2 elementor-widget elementor-widget-text-editor\" data-id=\"9a57fe2\" data-element_type=\"widget\" data-e-type=\"widget\" data-widget_type=\"text-editor.default\">\n\t\t\t\t\t\t\t\t\t<p>Vous souhaitez conna\u00eetre l\u2019\u00e9tat de votre toiture ou obtenir un devis pour un nettoyage de fa\u00e7ade ?<\/p><p>Chez <b>Altivue<\/b>, chaque demande fait l\u2019objet d\u2019une r\u00e9ponse personnalis\u00e9e.<br \/>Notre approche repose sur l\u2019inspection visuelle par drone avant toute <b><a href=\"https:\/\/altivue-drone.fr\/?page_id=565\" target=\"_blank\" rel=\"noopener\">intervention de nettoyage<\/a> <\/b>, afin de vous proposer une solution adapt\u00e9e \u00e0 votre maison et \u00e0 votre environnement.<\/p>\t\t\t\t\t\t\t\t<\/div>\n\t\t\t\t\t<\/div>\n\t\t\t\t<\/div>\n\t\t<div class=\"elementor-element elementor-element-141e996 e-flex e-con-boxed e-con e-parent\" data-id=\"141e996\" data-element_type=\"container\" data-e-type=\"container\">\n\t\t\t\t\t<div class=\"e-con-inner\">\n\t\t\t\t<div class=\"elementor-element elementor-element-74f63f4 elementor-widget elementor-widget-google_maps\" data-id=\"74f63f4\" data-element_type=\"widget\" data-e-type=\"widget\" data-widget_type=\"google_maps.default\">\n\t\t\t\t\t\t\t<div class=\"elementor-custom-embed\">\n\t\t\t<iframe loading=\"lazy\"\n\t\t\t\t\tsrc=\"https:\/\/maps.google.com\/maps?q=toulouse&#038;t=m&#038;z=9&#038;output=embed&#038;iwloc=near\"\n\t\t\t\t\ttitle=\"toulouse\"\n\t\t\t\t\taria-label=\"toulouse\"\n\t\t\t><\/iframe>\n\t\t<\/div>\n\t\t\t\t\t\t<\/div>\n\t\t\t\t\t<\/div>\n\t\t\t\t<\/div>\n\t\t<div class=\"elementor-element elementor-element-715e19c e-flex e-con-boxed e-con e-parent\" data-id=\"715e19c\" data-element_type=\"container\" data-e-type=\"container\">\n\t\t\t\t\t<div class=\"e-con-inner\">\n\t\t\t\t<div class=\"elementor-element elementor-element-c08e42b elementor-widget elementor-widget-wpforms\" data-id=\"c08e42b\" data-element_type=\"widget\" data-e-type=\"widget\" data-widget_type=\"wpforms.default\">\n\t\t\t\t<div class=\"elementor-widget-container\">\n\t\t\t\t\t<div class=\"wpforms-container wpforms-container-full wpforms-render-modern\" id=\"wpforms-630\"><form id=\"wpforms-form-630\" class=\"wpforms-validate wpforms-form wpforms-ajax-form\" data-formid=\"630\" method=\"post\" enctype=\"multipart\/form-data\" action=\"\/index.php?rest_route=%2Fwp%2Fv2%2Fpages%2F634\" data-token=\"56912899cf0b1a51349485843e846b75\" data-token-time=\"1776102549\"><noscript class=\"wpforms-error-noscript\">Veuillez activer JavaScript dans votre navigateur pour remplir ce formulaire.<\/noscript><div id=\"wpforms-error-noscript\" style=\"display: none;\">Veuillez activer JavaScript dans votre navigateur pour remplir ce formulaire.<\/div><div class=\"wpforms-field-container\"><div id=\"wpforms-630-field_5-container\" class=\"wpforms-field wpforms-field-checkbox\" data-field-id=\"5\"><fieldset><legend class=\"wpforms-field-label\">Votre demande concerne :<\/legend><ul id=\"wpforms-630-field_5\"><li class=\"choice-1 depth-1\"><input type=\"checkbox\" id=\"wpforms-630-field_5_1\" name=\"wpforms[fields][5][]\" value=\"Demande de devis\" aria-errormessage=\"wpforms-630-field_5_1-error\"  ><label class=\"wpforms-field-label-inline\" for=\"wpforms-630-field_5_1\">Demande de devis<\/label><\/li><li class=\"choice-2 depth-1\"><input type=\"checkbox\" id=\"wpforms-630-field_5_2\" name=\"wpforms[fields][5][]\" value=\"Demande d&#039;inspection visuelle\" aria-errormessage=\"wpforms-630-field_5_2-error\"  ><label class=\"wpforms-field-label-inline\" for=\"wpforms-630-field_5_2\">Demande d'inspection visuelle<\/label><\/li><li class=\"choice-3 depth-1\"><input type=\"checkbox\" id=\"wpforms-630-field_5_3\" name=\"wpforms[fields][5][]\" value=\"Autre demande\" aria-errormessage=\"wpforms-630-field_5_3-error\"  ><label class=\"wpforms-field-label-inline\" for=\"wpforms-630-field_5_3\">Autre demande<\/label><\/li><\/ul><\/fieldset><\/div><div id=\"wpforms-630-field_1-container\" class=\"wpforms-field wpforms-field-name\" data-field-id=\"1\"><fieldset><legend class=\"wpforms-field-label\">Nom <span class=\"wpforms-required-label\" aria-hidden=\"true\">*<\/span><\/legend><div class=\"wpforms-field-row wpforms-field-medium\"><div class=\"wpforms-field-row-block wpforms-first wpforms-one-half\"><input type=\"text\" id=\"wpforms-630-field_1\" class=\"wpforms-field-name-first wpforms-field-required\" name=\"wpforms[fields][1][first]\" aria-errormessage=\"wpforms-630-field_1-error\" required><label for=\"wpforms-630-field_1\" class=\"wpforms-field-sublabel after\">Pr\u00e9nom<\/label><\/div><div class=\"wpforms-field-row-block wpforms-one-half\"><input type=\"text\" id=\"wpforms-630-field_1-last\" class=\"wpforms-field-name-last wpforms-field-required\" name=\"wpforms[fields][1][last]\" aria-errormessage=\"wpforms-630-field_1-last-error\" required><label for=\"wpforms-630-field_1-last\" class=\"wpforms-field-sublabel after\">Nom<\/label><\/div><\/div><\/fieldset><\/div><div id=\"wpforms-630-field_2-container\" class=\"wpforms-field wpforms-field-email\" data-field-id=\"2\"><label class=\"wpforms-field-label\" for=\"wpforms-630-field_2\">E-mail <span class=\"wpforms-required-label\" aria-hidden=\"true\">*<\/span><\/label><input type=\"email\" id=\"wpforms-630-field_2\" class=\"wpforms-field-medium wpforms-field-required\" name=\"wpforms[fields][2]\" spellcheck=\"false\" aria-errormessage=\"wpforms-630-field_2-error\" required><\/div><div id=\"wpforms-630-field_7-container\" class=\"wpforms-field wpforms-field-text\" data-field-id=\"7\"><label class=\"wpforms-field-label\" for=\"wpforms-630-field_7\">T\u00e9l\u00e9phone<\/label><input type=\"text\" id=\"wpforms-630-field_7\" class=\"wpforms-field-medium\" name=\"wpforms[fields][7]\" aria-errormessage=\"wpforms-630-field_7-error\" ><\/div><div id=\"wpforms-630-field_6-container\" class=\"wpforms-field wpforms-field-text\" data-field-id=\"6\"><label class=\"wpforms-field-label\" for=\"wpforms-630-field_6\">Code Postal<\/label><input type=\"text\" id=\"wpforms-630-field_6\" class=\"wpforms-field-medium\" name=\"wpforms[fields][6]\" aria-errormessage=\"wpforms-630-field_6-error\" ><\/div><div id=\"wpforms-630-field_8-container\" class=\"wpforms-field wpforms-field-text\" data-field-id=\"8\"><label class=\"wpforms-field-label\" for=\"wpforms-630-field_8\">Ville<\/label><input type=\"text\" id=\"wpforms-630-field_8\" class=\"wpforms-field-medium\" name=\"wpforms[fields][8]\" aria-errormessage=\"wpforms-630-field_8-error\" ><\/div><div id=\"wpforms-630-field_3-container\" class=\"wpforms-field wpforms-field-textarea\" data-field-id=\"3\"><label class=\"wpforms-field-label\" for=\"wpforms-630-field_3\">Message<\/label><textarea id=\"wpforms-630-field_3\" class=\"wpforms-field-medium\" name=\"wpforms[fields][3]\" aria-errormessage=\"wpforms-630-field_3-error\" ><\/textarea><\/div>\t\t<div id=\"wpforms-630-field_4-container\"\n\t\t\tclass=\"wpforms-field wpforms-field-text\"\n\t\t\tdata-field-type=\"text\"\n\t\t\tdata-field-id=\"4\"\n\t\t\t>\n\t\t\t<label class=\"wpforms-field-label\" for=\"wpforms-630-field_4\" >Informations concerne Ville<\/label>\n\t\t\t<input type=\"text\" id=\"wpforms-630-field_4\" class=\"wpforms-field-medium\" name=\"wpforms[fields][4]\" >\n\t\t<\/div>\n\t\t<div id=\"wpforms-630-field_9-container\" class=\"wpforms-field wpforms-field-checkbox\" data-field-id=\"9\"><fieldset><legend class=\"wpforms-field-label\">Informations Altivue<\/legend><ul id=\"wpforms-630-field_9\"><li class=\"choice-1 depth-1\"><input type=\"checkbox\" id=\"wpforms-630-field_9_1\" name=\"wpforms[fields][9][]\" value=\"J&#039;accepte de recevoir des informations de la part d\u2019Altivue*\" aria-errormessage=\"wpforms-630-field_9_1-error\"  ><label class=\"wpforms-field-label-inline\" for=\"wpforms-630-field_9_1\">J'accepte de recevoir des informations de la part d\u2019Altivue*<\/label><\/li><\/ul><\/fieldset><\/div><script>\n\t\t\t\t( function() {\n\t\t\t\t\tconst style = document.createElement( 'style' );\n\t\t\t\t\tstyle.appendChild( document.createTextNode( '#wpforms-630-field_4-container { position: absolute !important; overflow: hidden !important; display: inline !important; height: 1px !important; width: 1px !important; z-index: -1000 !important; padding: 0 !important; } #wpforms-630-field_4-container input { visibility: hidden; } #wpforms-conversational-form-page #wpforms-630-field_4-container label { counter-increment: none; }' ) );\n\t\t\t\t\tdocument.head.appendChild( style );\n\t\t\t\t\tdocument.currentScript?.remove();\n\t\t\t\t} )();\n\t\t\t<\/script><\/div><!-- .wpforms-field-container --><div class=\"wpforms-recaptcha-container wpforms-is-recaptcha wpforms-is-recaptcha-type-v2\" ><div class=\"g-recaptcha\" data-sitekey=\"6LdnArUsAAAAAFyApDXGuiLxqukfHj4yhX4js4eu\"><\/div><input type=\"text\" name=\"g-recaptcha-hidden\" class=\"wpforms-recaptcha-hidden\" style=\"position:absolute!important;clip:rect(0,0,0,0)!important;height:1px!important;width:1px!important;border:0!important;overflow:hidden!important;padding:0!important;margin:0!important;\" data-rule-recaptcha=\"1\"><\/div><div class=\"wpforms-submit-container\" ><input type=\"hidden\" name=\"wpforms[id]\" value=\"630\"><input type=\"hidden\" name=\"page_title\" value=\"\"><input type=\"hidden\" name=\"page_url\" value=\"https:\/\/altivue-drone.fr\/index.php?rest_route=\/wp\/v2\/pages\/634\"><input type=\"hidden\" name=\"url_referer\" value=\"\"><button type=\"submit\" name=\"wpforms[submit]\" id=\"wpforms-submit-630\" class=\"wpforms-submit\" data-alt-text=\"Envoi...\" data-submit-text=\"Envoyer\" aria-live=\"assertive\" value=\"wpforms-submit\">Envoyer<\/button><img decoding=\"async\" src=\"https:\/\/altivue-drone.fr\/wp-content\/plugins\/wpforms-lite\/assets\/images\/submit-spin.svg\" class=\"wpforms-submit-spinner\" style=\"display: none;\" width=\"26\" height=\"26\" alt=\"Chargement en cours\"><\/div><\/form><\/div>  <!-- .wpforms-container -->\t\t\t\t<\/div>\n\t\t\t\t<\/div>\n\t\t\t\t\t<\/div>\n\t\t\t\t<\/div>\n\t\t<div class=\"elementor-element elementor-element-2b8199d e-flex e-con-boxed e-con e-parent\" data-id=\"2b8199d\" data-element_type=\"container\" data-e-type=\"container\">\n\t\t\t\t\t<div class=\"e-con-inner\">\n\t\t\t\t\t<\/div>\n\t\t\t\t<\/div>\n\t\t<div class=\"elementor-element elementor-element-ec20dff e-flex e-con-boxed e-con e-parent\" data-id=\"ec20dff\" data-element_type=\"container\" data-e-type=\"container\">\n\t\t\t\t\t<div class=\"e-con-inner\">\n\t\t\t\t<div class=\"elementor-element elementor-element-d6f8d48 elementor-widget elementor-widget-text-editor\" data-id=\"d6f8d48\" data-element_type=\"widget\" data-e-type=\"widget\" data-widget_type=\"text-editor.default\">\n\t\t\t\t\t\t\t\t\t<p><i>*Vos coordonn\u00e9es sont utilis\u00e9es exclusivement par Altivue dans le cadre d\u2019une relation commerciale habituelle (r\u00e9ponse \u00e0 vos questions, \u00e0 vos demandes de devis), ou pour vous envoyer notre lettre d\u2019information (actualit\u00e9s) si vous cochez la case \u00ab J\u2019accepte de recevoir des informations\u00bb. Ces informations ne seront jamais transmises \u00e0 des tiers. Pour plus d\u2019informations, consultez nos <\/i><b><i>mentions l\u00e9gales<\/i><\/b><i>.<\/i><\/p>\t\t\t\t\t\t\t\t<\/div>\n\t\t\t\t\t<\/div>\n\t\t\t\t<\/div>\n\t\t<div class=\"elementor-element elementor-element-185af93 e-flex e-con-boxed e-con e-parent\" data-id=\"185af93\" data-element_type=\"container\" data-e-type=\"container\">\n\t\t\t\t\t<div class=\"e-con-inner\">\n\t\t\t\t<div class=\"elementor-element elementor-element-8d1850c elementor-widget elementor-widget-heading\" data-id=\"8d1850c\" data-element_type=\"widget\" data-e-type=\"widget\" data-widget_type=\"heading.default\">\n\t\t\t\t\t<h2 class=\"elementor-heading-title elementor-size-default\">Notre engagement :<\/h2>\t\t\t\t<\/div>\n\t\t\t\t\t<\/div>\n\t\t\t\t<\/div>\n\t\t<div class=\"elementor-element elementor-element-8e86cc6 e-flex e-con-boxed e-con e-parent\" data-id=\"8e86cc6\" data-element_type=\"container\" data-e-type=\"container\">\n\t\t\t\t\t<div class=\"e-con-inner\">\n\t\t\t\t<div class=\"elementor-element elementor-element-50e37f6 elementor-widget elementor-widget-text-editor\" data-id=\"50e37f6\" data-element_type=\"widget\" data-e-type=\"widget\" data-widget_type=\"text-editor.default\">\n\t\t\t\t\t\t\t\t\t<ul><li aria-level=\"1\">Une r\u00e9ponse humaine et personnalis\u00e9e<\/li><li aria-level=\"1\">Un devis clair et d\u00e9taill\u00e9<\/li><li aria-level=\"1\">Aucune pression commerciale<\/li><li aria-level=\"1\">Votre d\u00e9cision \u00e9clair\u00e9e avant toute intervention<\/li><\/ul><p><br \/>Vous pouvez consulter <a href=\"https:\/\/altivue-drone.fr\/?page_id=28\" target=\"_blank\" rel=\"noopener\"><b><i>nos diff\u00e9rentes prestations de nettoyage<\/i><\/b><\/a> ainsi que le d\u00e9tail de <a href=\"https:\/\/altivue-drone.fr\/?page_id=616\"><b>nos tarifs et niveaux d\u2019intervention<\/b><\/a><\/p>\t\t\t\t\t\t\t\t<\/div>\n\t\t\t\t\t<\/div>\n\t\t\t\t<\/div>\n\t\t\t\t<\/div>\n\t\t","protected":false},"excerpt":{"rendered":"<p>Contacter Altivue pour une inspection ou un devis personnalis\u00e9 Introduction Vous souhaitez conna\u00eetre l\u2019\u00e9tat de votre toiture ou obtenir un [&hellip;]<\/p>\n","protected":false},"author":1,"featured_media":0,"parent":0,"menu_order":0,"comment_status":"closed","ping_status":"closed","template":"","meta":{"site-sidebar-layout":"no-sidebar","site-content-layout":"","ast-site-content-layout":"full-width-container","site-content-style":"default","site-sidebar-style":"default","ast-global-header-display":"","ast-banner-title-visibility":"","ast-main-header-display":"","ast-hfb-above-header-display":"","ast-hfb-below-header-display":"","ast-hfb-mobile-header-display":"","site-post-title":"","ast-breadcrumbs-content":"","ast-featured-img":"disabled","footer-sml-layout":"","ast-disable-related-posts":"","theme-transparent-header-meta":"","adv-header-id-meta":"","stick-header-meta":"","header-above-stick-meta":"","header-main-stick-meta":"","header-below-stick-meta":"","astra-migrate-meta-layouts":"default","ast-page-background-enabled":"default","ast-page-background-meta":{"desktop":{"background-color":"var(--ast-global-color-5)","background-image":"","background-repeat":"repeat","background-position":"center center","background-size":"auto","background-attachment":"scroll","background-type":"","background-media":"","overlay-type":"","overlay-color":"","overlay-opacity":"","overlay-gradient":""},"tablet":{"background-color":"","background-image":"","background-repeat":"repeat","background-position":"center center","background-size":"auto","background-attachment":"scroll","background-type":"","background-media":"","overlay-type":"","overlay-color":"","overlay-opacity":"","overlay-gradient":""},"mobile":{"background-color":"","background-image":"","background-repeat":"repeat","background-position":"center center","background-size":"auto","background-attachment":"scroll","background-type":"","background-media":"","overlay-type":"","overlay-color":"","overlay-opacity":"","overlay-gradient":""}},"ast-content-background-meta":{"desktop":{"background-color":"var(--ast-global-color-4)","background-image":"","background-repeat":"repeat","background-position":"center center","background-size":"auto","background-attachment":"scroll","background-type":"","background-media":"","overlay-type":"","overlay-color":"","overlay-opacity":"","overlay-gradient":""},"tablet":{"background-color":"var(--ast-global-color-4)","background-image":"","background-repeat":"repeat","background-position":"center center","background-size":"auto","background-attachment":"scroll","background-type":"","background-media":"","overlay-type":"","overlay-color":"","overlay-opacity":"","overlay-gradient":""},"mobile":{"background-color":"var(--ast-global-color-4)","background-image":"","background-repeat":"repeat","background-position":"center center","background-size":"auto","background-attachment":"scroll","background-type":"","background-media":"","overlay-type":"","overlay-color":"","overlay-opacity":"","overlay-gradient":""}},"footnotes":""},"class_list":["post-634","page","type-page","status-publish","hentry"],"yoast_head":"<!-- This site is optimized with the Yoast SEO plugin v27.3 - https:\/\/yoast.com\/product\/yoast-seo-wordpress\/ -->\n<title>Contact -<\/title>\n<meta name=\"description\" content=\"Demande de devis , demande de renseignements : contactez Altivue via notre formulaire de contact\" \/>\n<meta name=\"robots\" content=\"index, follow, max-snippet:-1, max-image-preview:large, max-video-preview:-1\" \/>\n<link rel=\"canonical\" href=\"https:\/\/altivue-drone.fr\/?page_id=634\" \/>\n<meta property=\"og:locale\" content=\"fr_FR\" \/>\n<meta property=\"og:type\" content=\"article\" \/>\n<meta property=\"og:title\" content=\"Contact -\" \/>\n<meta property=\"og:description\" content=\"Demande de devis , demande de renseignements : contactez Altivue via notre formulaire de contact\" \/>\n<meta property=\"og:url\" content=\"https:\/\/altivue-drone.fr\/?page_id=634\" \/>\n<meta property=\"article:modified_time\" content=\"2026-04-13T07:33:08+00:00\" \/>\n<meta property=\"og:image\" content=\"https:\/\/altivue-drone.fr\/wp-content\/plugins\/wpforms-lite\/assets\/images\/submit-spin.svg\" \/>\n<meta name=\"twitter:card\" content=\"summary_large_image\" \/>\n<meta name=\"twitter:label1\" content=\"Dur\u00e9e de lecture estim\u00e9e\" \/>\n\t<meta name=\"twitter:data1\" content=\"1 minute\" \/>\n<script type=\"application\/ld+json\" class=\"yoast-schema-graph\">{\"@context\":\"https:\\\/\\\/schema.org\",\"@graph\":[{\"@type\":\"WebPage\",\"@id\":\"https:\\\/\\\/altivue-drone.fr\\\/?page_id=634\",\"url\":\"https:\\\/\\\/altivue-drone.fr\\\/?page_id=634\",\"name\":\"Contact -\",\"isPartOf\":{\"@id\":\"https:\\\/\\\/altivue-drone.fr\\\/#website\"},\"primaryImageOfPage\":{\"@id\":\"https:\\\/\\\/altivue-drone.fr\\\/?page_id=634#primaryimage\"},\"image\":{\"@id\":\"https:\\\/\\\/altivue-drone.fr\\\/?page_id=634#primaryimage\"},\"thumbnailUrl\":\"https:\\\/\\\/altivue-drone.fr\\\/wp-content\\\/plugins\\\/wpforms-lite\\\/assets\\\/images\\\/submit-spin.svg\",\"datePublished\":\"2026-04-03T08:20:22+00:00\",\"dateModified\":\"2026-04-13T07:33:08+00:00\",\"description\":\"Demande de devis , demande de renseignements : contactez Altivue via notre formulaire de contact\",\"breadcrumb\":{\"@id\":\"https:\\\/\\\/altivue-drone.fr\\\/?page_id=634#breadcrumb\"},\"inLanguage\":\"fr-FR\",\"potentialAction\":[{\"@type\":\"ReadAction\",\"target\":[\"https:\\\/\\\/altivue-drone.fr\\\/?page_id=634\"]}]},{\"@type\":\"ImageObject\",\"inLanguage\":\"fr-FR\",\"@id\":\"https:\\\/\\\/altivue-drone.fr\\\/?page_id=634#primaryimage\",\"url\":\"https:\\\/\\\/altivue-drone.fr\\\/wp-content\\\/plugins\\\/wpforms-lite\\\/assets\\\/images\\\/submit-spin.svg\",\"contentUrl\":\"https:\\\/\\\/altivue-drone.fr\\\/wp-content\\\/plugins\\\/wpforms-lite\\\/assets\\\/images\\\/submit-spin.svg\"},{\"@type\":\"BreadcrumbList\",\"@id\":\"https:\\\/\\\/altivue-drone.fr\\\/?page_id=634#breadcrumb\",\"itemListElement\":[{\"@type\":\"ListItem\",\"position\":1,\"name\":\"Accueil\",\"item\":\"https:\\\/\\\/altivue-drone.fr\\\/\"},{\"@type\":\"ListItem\",\"position\":2,\"name\":\"Contact\"}]},{\"@type\":\"WebSite\",\"@id\":\"https:\\\/\\\/altivue-drone.fr\\\/#website\",\"url\":\"https:\\\/\\\/altivue-drone.fr\\\/\",\"name\":\"Altivue-drone\",\"description\":\"\",\"publisher\":{\"@id\":\"https:\\\/\\\/altivue-drone.fr\\\/#organization\"},\"potentialAction\":[{\"@type\":\"SearchAction\",\"target\":{\"@type\":\"EntryPoint\",\"urlTemplate\":\"https:\\\/\\\/altivue-drone.fr\\\/?s={search_term_string}\"},\"query-input\":{\"@type\":\"PropertyValueSpecification\",\"valueRequired\":true,\"valueName\":\"search_term_string\"}}],\"inLanguage\":\"fr-FR\"},{\"@type\":\"Organization\",\"@id\":\"https:\\\/\\\/altivue-drone.fr\\\/#organization\",\"name\":\"Altivue-drone\",\"url\":\"https:\\\/\\\/altivue-drone.fr\\\/\",\"logo\":{\"@type\":\"ImageObject\",\"inLanguage\":\"fr-FR\",\"@id\":\"https:\\\/\\\/altivue-drone.fr\\\/#\\\/schema\\\/logo\\\/image\\\/\",\"url\":\"https:\\\/\\\/altivue-drone.fr\\\/wp-content\\\/uploads\\\/2026\\\/03\\\/Logo-Altivue-CMJN-300DPI_carre-100_blanc.jpg\",\"contentUrl\":\"https:\\\/\\\/altivue-drone.fr\\\/wp-content\\\/uploads\\\/2026\\\/03\\\/Logo-Altivue-CMJN-300DPI_carre-100_blanc.jpg\",\"width\":2362,\"height\":2362,\"caption\":\"Altivue-drone\"},\"image\":{\"@id\":\"https:\\\/\\\/altivue-drone.fr\\\/#\\\/schema\\\/logo\\\/image\\\/\"}}]}<\/script>\n<!-- \/ Yoast SEO plugin. -->","yoast_head_json":{"title":"Contact -","description":"Demande de devis , demande de renseignements : contactez Altivue via notre formulaire de contact","robots":{"index":"index","follow":"follow","max-snippet":"max-snippet:-1","max-image-preview":"max-image-preview:large","max-video-preview":"max-video-preview:-1"},"canonical":"https:\/\/altivue-drone.fr\/?page_id=634","og_locale":"fr_FR","og_type":"article","og_title":"Contact -","og_description":"Demande de devis , demande de renseignements : contactez Altivue via notre formulaire de contact","og_url":"https:\/\/altivue-drone.fr\/?page_id=634","article_modified_time":"2026-04-13T07:33:08+00:00","og_image":[{"url":"https:\/\/altivue-drone.fr\/wp-content\/plugins\/wpforms-lite\/assets\/images\/submit-spin.svg","type":"","width":"","height":""}],"twitter_card":"summary_large_image","twitter_misc":{"Dur\u00e9e de lecture estim\u00e9e":"1 minute"},"schema":{"@context":"https:\/\/schema.org","@graph":[{"@type":"WebPage","@id":"https:\/\/altivue-drone.fr\/?page_id=634","url":"https:\/\/altivue-drone.fr\/?page_id=634","name":"Contact -","isPartOf":{"@id":"https:\/\/altivue-drone.fr\/#website"},"primaryImageOfPage":{"@id":"https:\/\/altivue-drone.fr\/?page_id=634#primaryimage"},"image":{"@id":"https:\/\/altivue-drone.fr\/?page_id=634#primaryimage"},"thumbnailUrl":"https:\/\/altivue-drone.fr\/wp-content\/plugins\/wpforms-lite\/assets\/images\/submit-spin.svg","datePublished":"2026-04-03T08:20:22+00:00","dateModified":"2026-04-13T07:33:08+00:00","description":"Demande de devis , demande de renseignements : contactez Altivue via notre formulaire de contact","breadcrumb":{"@id":"https:\/\/altivue-drone.fr\/?page_id=634#breadcrumb"},"inLanguage":"fr-FR","potentialAction":[{"@type":"ReadAction","target":["https:\/\/altivue-drone.fr\/?page_id=634"]}]},{"@type":"ImageObject","inLanguage":"fr-FR","@id":"https:\/\/altivue-drone.fr\/?page_id=634#primaryimage","url":"https:\/\/altivue-drone.fr\/wp-content\/plugins\/wpforms-lite\/assets\/images\/submit-spin.svg","contentUrl":"https:\/\/altivue-drone.fr\/wp-content\/plugins\/wpforms-lite\/assets\/images\/submit-spin.svg"},{"@type":"BreadcrumbList","@id":"https:\/\/altivue-drone.fr\/?page_id=634#breadcrumb","itemListElement":[{"@type":"ListItem","position":1,"name":"Accueil","item":"https:\/\/altivue-drone.fr\/"},{"@type":"ListItem","position":2,"name":"Contact"}]},{"@type":"WebSite","@id":"https:\/\/altivue-drone.fr\/#website","url":"https:\/\/altivue-drone.fr\/","name":"Altivue-drone","description":"","publisher":{"@id":"https:\/\/altivue-drone.fr\/#organization"},"potentialAction":[{"@type":"SearchAction","target":{"@type":"EntryPoint","urlTemplate":"https:\/\/altivue-drone.fr\/?s={search_term_string}"},"query-input":{"@type":"PropertyValueSpecification","valueRequired":true,"valueName":"search_term_string"}}],"inLanguage":"fr-FR"},{"@type":"Organization","@id":"https:\/\/altivue-drone.fr\/#organization","name":"Altivue-drone","url":"https:\/\/altivue-drone.fr\/","logo":{"@type":"ImageObject","inLanguage":"fr-FR","@id":"https:\/\/altivue-drone.fr\/#\/schema\/logo\/image\/","url":"https:\/\/altivue-drone.fr\/wp-content\/uploads\/2026\/03\/Logo-Altivue-CMJN-300DPI_carre-100_blanc.jpg","contentUrl":"https:\/\/altivue-drone.fr\/wp-content\/uploads\/2026\/03\/Logo-Altivue-CMJN-300DPI_carre-100_blanc.jpg","width":2362,"height":2362,"caption":"Altivue-drone"},"image":{"@id":"https:\/\/altivue-drone.fr\/#\/schema\/logo\/image\/"}}]}},"_links":{"self":[{"href":"https:\/\/altivue-drone.fr\/index.php?rest_route=\/wp\/v2\/pages\/634","targetHints":{"allow":["GET"]}}],"collection":[{"href":"https:\/\/altivue-drone.fr\/index.php?rest_route=\/wp\/v2\/pages"}],"about":[{"href":"https:\/\/altivue-drone.fr\/index.php?rest_route=\/wp\/v2\/types\/page"}],"author":[{"embeddable":true,"href":"https:\/\/altivue-drone.fr\/index.php?rest_route=\/wp\/v2\/users\/1"}],"replies":[{"embeddable":true,"href":"https:\/\/altivue-drone.fr\/index.php?rest_route=%2Fwp%2Fv2%2Fcomments&post=634"}],"version-history":[{"count":10,"href":"https:\/\/altivue-drone.fr\/index.php?rest_route=\/wp\/v2\/pages\/634\/revisions"}],"predecessor-version":[{"id":969,"href":"https:\/\/altivue-drone.fr\/index.php?rest_route=\/wp\/v2\/pages\/634\/revisions\/969"}],"wp:attachment":[{"href":"https:\/\/altivue-drone.fr\/index.php?rest_route=%2Fwp%2Fv2%2Fmedia&parent=634"}],"curies":[{"name":"wp","href":"https:\/\/api.w.org\/{rel}","templated":true}]}}